{"id":37,"date":"2013-01-19T16:45:20","date_gmt":"2013-01-19T14:45:20","guid":{"rendered":"http:\/\/timo-alexander-wenzel.de\/wp\/?page_id=37"},"modified":"2023-01-14T19:43:00","modified_gmt":"2023-01-14T17:43:00","slug":"impressum","status":"publish","type":"page","link":"http:\/\/www.timo-alexander-wenzel.de\/?page_id=37","title":{"rendered":"Impressum"},"content":{"rendered":"<p><a href=\"http:\/\/www.timo-alexander-wenzel.de\/wp\/wp-content\/uploads\/2013\/01\/Timo_Wenzel_BildNr0742_Photography_Emanuela_Danielewicz_14x21cm.jpg\" target=\"_blank\" rel=\"noopener noreferrer\"><img loading=\"lazy\" class=\"alignleft wp-image-524 size-medium\" src=\"http:\/\/www.timo-alexander-wenzel.de\/wp\/wp-content\/uploads\/2013\/01\/Timo_Wenzel_BildNr0742_Photography_Emanuela_Danielewicz_14x21cm-200x300.jpg\" alt=\"\" width=\"200\" height=\"300\" srcset=\"http:\/\/www.timo-alexander-wenzel.de\/wp\/wp-content\/uploads\/2013\/01\/Timo_Wenzel_BildNr0742_Photography_Emanuela_Danielewicz_14x21cm-200x300.jpg 200w, http:\/\/www.timo-alexander-wenzel.de\/wp\/wp-content\/uploads\/2013\/01\/Timo_Wenzel_BildNr0742_Photography_Emanuela_Danielewicz_14x21cm-768x1152.jpg 768w, http:\/\/www.timo-alexander-wenzel.de\/wp\/wp-content\/uploads\/2013\/01\/Timo_Wenzel_BildNr0742_Photography_Emanuela_Danielewicz_14x21cm-683x1024.jpg 683w, http:\/\/www.timo-alexander-wenzel.de\/wp\/wp-content\/uploads\/2013\/01\/Timo_Wenzel_BildNr0742_Photography_Emanuela_Danielewicz_14x21cm-100x150.jpg 100w, http:\/\/www.timo-alexander-wenzel.de\/wp\/wp-content\/uploads\/2013\/01\/Timo_Wenzel_BildNr0742_Photography_Emanuela_Danielewicz_14x21cm.jpg 1654w\" sizes=\"(max-width: 200px) 100vw, 200px\" \/><\/a>Angaben gem\u00e4\u00df \u00a7 5 TMG:<br \/>\nTimo Alexander Wenzel<br \/>\nc\/o ZAV M\u00fcnchen, Kapuzinerstr. 26<br \/>\n80337 M\u00fcnchen<\/p>\n<p>Telefon: <span class=\"ydpeedc29bcvalue\">+49 (0) 228 50208-4000<\/span><br \/>\nE-Mail: <a href=\"http:\/\/www.timo-alexander-wenzel.de\/wp\/wp-content\/uploads\/2023\/01\/mail.png\"><img loading=\"lazy\" class=\"alignnone size-full wp-image-664\" src=\"http:\/\/www.timo-alexander-wenzel.de\/wp\/wp-content\/uploads\/2023\/01\/mail.png\" alt=\"\" width=\"170\" height=\"28\" \/><\/a><\/p>\n<p>Bildrechte:<br \/>\nEmanuela Danielewicz, Dodo van Delft<\/p>\n<p>Haftungshinweis: Trotz sorgf\u00e4ltiger inhaltlicher Kontrolle \u00fcbernehmen wir keine Haftung f\u00fcr die Inhalte externer Links. F\u00fcr die Inhalte der verlinkten Seiten sind ausschlie\u00dflich deren Betreiber verantwortlich.<\/p>\n","protected":false},"excerpt":{"rendered":"<p>Angaben gem\u00e4\u00df \u00a7 5 TMG: Timo Alexander Wenzel c\/o ZAV M\u00fcnchen, Kapuzinerstr. 26 80337 M\u00fcnchen Telefon: +49 (0) 228 50208-4000 E-Mail: Bildrechte: Emanuela Danielewicz, Dodo van Delft Haftungshinweis: Trotz sorgf\u00e4ltiger inhaltlicher Kontrolle \u00fcbernehmen wir keine Haftung f\u00fcr die Inhalte externer Links. F\u00fcr die Inhalte der verlinkten Seiten sind ausschlie\u00dflich deren \u2026 <a href=\"http:\/\/www.timo-alexander-wenzel.de\/?page_id=37\"> Continue reading <span class=\"meta-nav\">&rarr; <\/span><\/a><\/p>\n","protected":false},"author":1,"featured_media":0,"parent":0,"menu_order":150,"comment_status":"closed","ping_status":"closed","template":"","meta":[],"_links":{"self":[{"href":"http:\/\/www.timo-alexander-wenzel.de\/index.php?rest_route=\/wp\/v2\/pages\/37"}],"collection":[{"href":"http:\/\/www.timo-alexander-wenzel.de\/index.php?rest_route=\/wp\/v2\/pages"}],"about":[{"href":"http:\/\/www.timo-alexander-wenzel.de\/index.php?rest_route=\/wp\/v2\/types\/page"}],"author":[{"embeddable":true,"href":"http:\/\/www.timo-alexander-wenzel.de\/index.php?rest_route=\/wp\/v2\/users\/1"}],"replies":[{"embeddable":true,"href":"http:\/\/www.timo-alexander-wenzel.de\/index.php?rest_route=%2Fwp%2Fv2%2Fcomments&post=37"}],"version-history":[{"count":23,"href":"http:\/\/www.timo-alexander-wenzel.de\/index.php?rest_route=\/wp\/v2\/pages\/37\/revisions"}],"predecessor-version":[{"id":666,"href":"http:\/\/www.timo-alexander-wenzel.de\/index.php?rest_route=\/wp\/v2\/pages\/37\/revisions\/666"}],"wp:attachment":[{"href":"http:\/\/www.timo-alexander-wenzel.de\/index.php?rest_route=%2Fwp%2Fv2%2Fmedia&parent=37"}],"curies":[{"name":"wp","href":"https:\/\/api.w.org\/{rel}","templated":true}]}}