{"id":81,"date":"2013-01-19T22:30:32","date_gmt":"2013-01-19T20:30:32","guid":{"rendered":"http:\/\/timo-alexander-wenzel.de\/wp\/?page_id=81"},"modified":"2024-06-25T11:59:40","modified_gmt":"2024-06-25T09:59:40","slug":"theater","status":"publish","type":"page","link":"http:\/\/www.timo-alexander-wenzel.de\/?page_id=81","title":{"rendered":"Theater"},"content":{"rendered":"<div style=\"border-top-width: 0px;\">\n<p><a href=\"http:\/\/www.timo-alexander-wenzel.de\/wp\/wp-content\/uploads\/2023\/01\/Timo-Alexander-Wenzel-2-scaled.jpg\" target=\"_blank\" rel=\"noopener noreferrer\"><img loading=\"lazy\" class=\"alignleft wp-image-510\" src=\"http:\/\/www.timo-alexander-wenzel.de\/wp\/wp-content\/uploads\/2023\/01\/Timo-Alexander-Wenzel-2-scaled.jpg\" alt=\"\" width=\"400\" height=\"500\"><\/a><\/p>\n<table style=\"border: none;\">\n<tbody style=\"font-size: 0.872em; border: none;\">\n<tr>\n<td style=\"width: 40px; vertical-align: text-top; border-top-width: 0px;\">2023<\/td>\n<td style=\"border-top-width: 0px;\">&#8222;Slapstick&#8220;<br \/>\nTeamtheater M\u00fcnchen<br \/>\nRegie: Jacoub Eisa<br \/>\nRolle: Kono<\/td>\n<\/tr>\n<tr>\n<td style=\"width: 40px; vertical-align: text-top; border-top-width: 0px;\"><\/td>\n<td style=\"border-top-width: 0px;\">&#8222;Ist das nicht mein Leben?&#8220;<br \/>\nStadttheater Weilheim<br \/>\nRegie: Yvonne Brosch<br \/>\nRolle: Philipp Hill<\/td>\n<\/tr>\n<tr>\n<td style=\"width: 40px; vertical-align: text-top; border-top-width: 0px;\"><\/td>\n<td style=\"border-top-width: 0px;\">&#8222;Die Perle Anna&#8220;<br \/>\nStadttheater Weilheim<br \/>\nRegie: Herbert M\u00fcller<br \/>\nRolle: Bernard<\/td>\n<\/tr>\n<tr>\n<td style=\"width: 40px; vertical-align: text-top; border-top-width: 0px;\">2022<\/td>\n<td style=\"border-top-width: 0px;\">&#8222;Der Raub der Sabinerinnen&#8220;<br \/>\nStadttheater Weilheim<br \/>\nRegie: Yvonne Brosch<br \/>\nRolle: Professor Gollwitz<\/td>\n<\/tr>\n<tr>\n<td style=\"width: 40px; vertical-align: text-top; border-top-width: 0px;\"><\/td>\n<td style=\"border-top-width: 0px;\">&#8222;Ma\u00df f\u00fcr Ma\u00df&#8220;<br \/>\nTheater Viel L\u00e4rm Um Nichts M\u00fcnchen<br \/>\nRegie: Margrit Carls \/ Andreas Seyferth<br \/>\nRolle: Claudio u.a.<\/td>\n<\/tr>\n<tr>\n<td style=\"width: 40px; vertical-align: text-top; border-top-width: 0px;\">2021<\/td>\n<td style=\"border-top-width: 0px;\">&#8222;Projekt S.T.R.I.P.&#8220;<br \/>\nTeamtheater M\u00fcnchen<br \/>\nRegie: Jacoub Eisa<br \/>\nRolle: Gro\u00dfer Anzug<\/td>\n<\/tr>\n<tr>\n<td style=\"width: 40px; vertical-align: text-top; border-top-width: 0px;\">2020<\/td>\n<td style=\"border-top-width: 0px;\">&#8222;Der Heiratsantrag&#8220;<br \/>\nStadttheater Weilheim<br \/>\nRegie: Yvonne Brosch<br \/>\nRolle: Lomow<\/td>\n<\/tr>\n<tr>\n<td style=\"width: 40px; vertical-align: text-top; border-top-width: 0px;\">2019<\/td>\n<td style=\"border-top-width: 0px;\">&#8222;Die Babysitterin&#8220;<br \/>\nTeamtheater M\u00fcnchen<br \/>\nRegie: Philipp Jescheck<br \/>\nRolle: Jean-Michel<\/td>\n<\/tr>\n<tr>\n<td style=\"width: 40px; vertical-align: text-top; border-top-width: 0px;\">2018<\/td>\n<td style=\"border-top-width: 0px;\">&#8222;Die Irre von Chaillot&#8220;<br \/>\nTheater Viel L\u00e4rm um Nichts M\u00fcnchen<br \/>\nRegie: Andreas Seyferth<br \/>\nRolle: Lumpensammler<\/td>\n<\/tr>\n<tr>\n<td style=\"width: 40px; vertical-align: text-top; border-top-width: 0px;\">2017<\/td>\n<td style=\"border-top-width: 0px;\">&#8222;Kasimir und Karoline&#8220;<br \/>\nWeilheimer Festspiele<br \/>\nRegie: Yvonne Brosch<br \/>\nRolle: Sch\u00fcrzinger<\/td>\n<\/tr>\n<tr>\n<td style=\"width: 40px; vertical-align: text-top; border-top-width: 0px;\"><\/td>\n<td style=\"border-top-width: 0px;\">&#8222;Der Widerspenstigen Z\u00e4hmung&#8220;<br \/>\nTheater Viel L\u00e4rm um Nichts<br \/>\nRegie: Andreas Seyferth<br \/>\nRolle: Tranio \/ Grumio<\/td>\n<\/tr>\n<tr>\n<td style=\"width: 40px; vertical-align: text-top; border-top-width: 0px;\">2014<\/td>\n<td style=\"border-top-width: 0px;\">&#8222;Competition, Competition&#8220;<br \/>\nTamS &#8211; Theater M\u00fcnchen<br \/>\nRegie: Lorenz Seib<br \/>\nRolle: Kandidat D<\/td>\n<\/tr>\n<tr>\n<td style=\"width: 40px; vertical-align: text-top; border-top-width: 0px;\"><\/td>\n<td style=\"border-top-width: 0px;\">&#8222;Erdbeeren im Januar&#8220;<br \/>\nTeamtheater M\u00fcnchen<br \/>\nRegie: Philipp Jescheck<br \/>\nRolle: Francois<\/td>\n<\/tr>\n<tr>\n<td style=\"width: 40px; vertical-align: text-top; border-top-width: 0px;\">2013<\/td>\n<td style=\"border-top-width: 0px;\">&#8222;Robin Hood&#8220;<br \/>\nTheater Regensburg<br \/>\nRegie: Eva Veiders<br \/>\nRolle: Bruder Tuck<\/td>\n<\/tr>\n<tr>\n<td style=\"width: 40px; vertical-align: text-top; border-top-width: 0px;\">2012<\/td>\n<td style=\"border-top-width: 0px;\">&#8222;Ezio&#8220;<br \/>\nStaatstheater N\u00fcrnberg<br \/>\nRegie: Andreas Baesler<br \/>\nRolle: Kaiser Valentiniano<\/td>\n<\/tr>\n<tr>\n<td style=\"width: 40px; vertical-align: text-top; border-top-width: 0px;\"><\/td>\n<td style=\"border-top-width: 0px;\">&#8222;Chihuahua&#8220;<br \/>\nSchlo\u00dftheater Celle<br \/>\nRegie: Christine Hofer<br \/>\nRolle: Stockmann<\/td>\n<\/tr>\n<tr>\n<td style=\"width: 40px; vertical-align: text-top; border-top-width: 0px;\">2011<\/td>\n<td style=\"border-top-width: 0px;\">&#8222;Das K\u00e4thchen von Heilbronn&#8220;<br \/>\nTheater Paderborn<br \/>\nRegie: Maya Fanke<br \/>\nRolle: Freiburg<\/td>\n<\/tr>\n<tr>\n<td style=\"width: 40px; vertical-align: text-top; border-top-width: 0px;\"><\/td>\n<td style=\"border-top-width: 0px;\">&#8222;Cyrano de Bergerac&#8220;<br \/>\nLandestheater Niederbayern Passau &#8211; Landshut<br \/>\nRegie: Patrick Guinand<br \/>\nRolle: Le Bret<\/td>\n<\/tr>\n<tr>\n<td style=\"width: 40px; vertical-align: text-top; border-top-width: 0px;\">2009<\/td>\n<td style=\"border-top-width: 0px;\">&#8222;Der R\u00e4uber Hotzenplotz&#8220;<br \/>\nStaatstheater Braunschweig<br \/>\nRegie: Susanne Chrudina<br \/>\nRolle: Seppel<\/td>\n<\/tr>\n<tr>\n<td style=\"width: 40px; vertical-align: text-top; border-top-width: 0px;\"><\/td>\n<td style=\"border-top-width: 0px;\">&#8222;Die R\u00e4uber&#8220;<br \/>\nKammerspiele Paderborn<br \/>\nRegie: Jochen Strauch<br \/>\nRolle: Kosinsky<\/td>\n<\/tr>\n<tr>\n<td style=\"width: 40px; vertical-align: text-top; border-top-width: 0px;\">2008<\/td>\n<td style=\"border-top-width: 0px;\">&#8222;Die Feuerzangenbowle&#8220;<br \/>\nAltonaer Theater Hamburg<br \/>\nRegie: Axel Schneider<br \/>\nRolle: Knebel<\/td>\n<\/tr>\n<tr>\n<td style=\"width: 40px; vertical-align: text-top; border-top-width: 0px;\"><\/td>\n<td style=\"border-top-width: 0px;\">&#8222;Maria Stuart&#8220;<br \/>\nKammerspiele Paderborn<br \/>\nRegie: Merula Steinhard-Unseld<br \/>\nRolle: Mortimer<\/td>\n<\/tr>\n<tr>\n<td style=\"width: 40px; vertical-align: text-top; border-top-width: 0px;\">2007<\/td>\n<td style=\"border-top-width: 0px;\">&#8222;Froschk\u00f6nig&#8220;<br \/>\nErnst-Deutsch-Theater<br \/>\nRegie: Sabine Karasch<br \/>\nRolle: K\u00f6nig Otto III.<\/td>\n<\/tr>\n<tr>\n<td style=\"width: 40px; vertical-align: text-top; border-top-width: 0px;\"><\/td>\n<td style=\"border-top-width: 0px;\">&#8222;Faust&#8220;<br \/>\nPfalztheater Kaiserslautern<br \/>\nRegie: Johannes Reitmeier<br \/>\nRolle: Sch\u00fcler<\/td>\n<\/tr>\n<tr>\n<td style=\"width: 40px; vertical-align: text-top; border-top-width: 0px;\"><\/td>\n<td style=\"border-top-width: 0px;\">&#8222;Bomber&#8220; (Monologst\u00fcck)<br \/>\nPfalztheater Kaiserslautern<br \/>\nRegie: Iris Beier<br \/>\nRolle: Bomber<\/td>\n<\/tr>\n<tr>\n<td style=\"width: 40px; vertical-align: text-top; border-top-width: 0px;\">2006<\/td>\n<td style=\"border-top-width: 0px;\">&#8222;Ladies Night&#8220;<br \/>\nPfalztheater Kaiserslautern<br \/>\nRegie\/Choreographie: Martina Veh<br \/>\nRolle: Peter<\/td>\n<\/tr>\n<tr>\n<td style=\"width: 40px; vertical-align: text-top; border-top-width: 0px;\"><\/td>\n<td style=\"border-top-width: 0px;\">&#8222;Push Up 1-3&#8220;<br \/>\nPfalztheater Kaiserslautern<br \/>\nRegie: Reinhard Karow<br \/>\nRolle: Heinrich<\/td>\n<\/tr>\n<tr>\n<td style=\"width: 40px; vertical-align: text-top; border-top-width: 0px;\"><\/td>\n<td style=\"border-top-width: 0px;\">&#8222;Tartuffe&#8220;<br \/>\nPfalztheater Kaiserslautern<br \/>\nRegie: Thomas Krau\u00df<br \/>\nRolle: Damis<\/td>\n<\/tr>\n<tr>\n<td style=\"width: 40px; vertical-align: text-top; border-top-width: 0px;\"><\/td>\n<td style=\"border-top-width: 0px;\">&#8222;Oh, wie sch\u00f6n ist Panama&#8220;<br \/>\nPfalztheater Kaiserslautern<br \/>\nRegie: Florian Burg<br \/>\nRolle: B\u00e4r<\/td>\n<\/tr>\n<tr>\n<td style=\"width: 40px; vertical-align: text-top; border-top-width: 0px;\">2005<\/td>\n<td style=\"border-top-width: 0px;\">&#8222;Charley&#8217;s Tante&#8220;<br \/>\nPfalztheater Kaiserslautern<br \/>\nRegie: Marcus Everding<br \/>\nRolle: Charley<\/td>\n<\/tr>\n<tr>\n<td style=\"width: 40px; vertical-align: text-top; border-top-width: 0px;\"><\/td>\n<td style=\"border-top-width: 0px;\">&#8222;Ben Hur&#8220;<br \/>\nPfalztheater Kaiserslautern<br \/>\nRegie: Birgit Franz<br \/>\nRolle: Arrius, Bill Hur u.a.<\/td>\n<\/tr>\n<tr>\n<td style=\"width: 40px; vertical-align: text-top; border-top-width: 0px;\"><\/td>\n<td style=\"border-top-width: 0px;\">&#8222;Der Kaufmann von Venedig&#8220;<br \/>\nPfalztheater Kaiserslautern<br \/>\nRegie: Thomas Krau\u00df<br \/>\nRolle: Bassanio<\/td>\n<\/tr>\n<tr>\n<td style=\"width: 40px; vertical-align: text-top; border-top-width: 0px;\"><\/td>\n<td style=\"border-top-width: 0px;\">&#8222;Die Verwirrungen des Z\u00f6glings T\u00f6rle\u00df&#8220;<br \/>\nPfalztheater Kaiserslautern<br \/>\nRegie: Thorsten Danner<br \/>\nRolle: T\u00f6rle\u00df<\/td>\n<\/tr>\n<tr>\n<td style=\"width: 40px; vertical-align: text-top; border-top-width: 0px;\">2004<\/td>\n<td style=\"border-top-width: 0px;\">&#8222;Helden von Bern&#8220; (Urauff\u00fchrung)<br \/>\nPfalztheater Kaiserslautern<br \/>\nRegie: Thomas Krau\u00df<br \/>\nRolle: Alfred Pfaff<\/td>\n<\/tr>\n<tr>\n<td style=\"width: 40px; vertical-align: text-top; border-top-width: 0px;\"><\/td>\n<td style=\"border-top-width: 0px;\">&#8222;Die Kassette&#8220;<br \/>\nPfalztheater Kaiserslautern<br \/>\nRegie: Thilo Voggenreiter<br \/>\nRolle: Alfons Seidenschnur<\/td>\n<\/tr>\n<tr>\n<td style=\"width: 40px; vertical-align: text-top; border-top-width: 0px;\"><\/td>\n<td style=\"border-top-width: 0px;\">&#8222;Der R\u00e4uber Hotzenplotz&#8220;<br \/>\nPfalztheater Kaiserslautern<br \/>\nRegie: Thomas Krau\u00df<br \/>\nRolle: Seppel<\/td>\n<\/tr>\n<tr>\n<td style=\"width: 40px; vertical-align: text-top; border-top-width: 0px;\">2003<\/td>\n<td style=\"border-top-width: 0px;\">&#8222;Seele des Dichters &#8211; unheimliches Lokal&#8220;<br \/>\n(Urauff\u00fchrung)<br \/>\nSchauspielhaus Bochum<br \/>\nRegie: Klaus Pohl<br \/>\nRolle: Florian Wenzel<\/td>\n<\/tr>\n<tr>\n<td style=\"width: 40px; vertical-align: text-top; border-top-width: 0px;\"><\/td>\n<td style=\"border-top-width: 0px;\">&#8222;Die R\u00e4uber&#8220;<br \/>\nWuppertaler B\u00fchnen<br \/>\nRegie: Johannes Klaus<br \/>\nRolle: Hermann<\/td>\n<\/tr>\n<tr>\n<td style=\"width: 40px; vertical-align: text-top; border-top-width: 0px;\">2002<\/td>\n<td style=\"border-top-width: 0px;\">&#8222;Duetto&#8220;, Tanztheaterst\u00fcck<br \/>\nWuppertaler B\u00fchnen<br \/>\nRegie: Anna Pocher<\/td>\n<\/tr>\n<tr>\n<td style=\"width: 40px; vertical-align: text-top; border-top-width: 0px;\"><\/td>\n<td style=\"border-top-width: 0px;\">&#8222;Ein Winterm\u00e4rchen&#8220;<br \/>\nSchauspielschule Bochum<br \/>\nRegie: Stefan Karthaus<br \/>\nRolle: Antigonus, Alter Sch\u00e4fer<\/td>\n<\/tr>\n<tr>\n<td style=\"width: 40px; vertical-align: text-top; border-top-width: 0px;\">2001<\/td>\n<td style=\"border-top-width: 0px;\">&#8222;Das Kaffeehaus&#8220;<br \/>\nSchauspielschule Bochum<br \/>\nRegie: Johannes Klaus<\/td>\n<\/tr>\n<tr>\n<td style=\"width: 40px; vertical-align: text-top; border-top-width: 0px;\">2000<\/td>\n<td style=\"border-top-width: 0px;\">&#8222;Morgen Findus wird&#8217;s was geben&#8220;<br \/>\nTheater am Neunerplatz, W\u00fcrzburg<br \/>\nRegie: Hannes Hirth<br \/>\nRolle: Verr\u00fcckter Brieftr\u00e4ger u.a.<\/td>\n<\/tr>\n<tr>\n<td style=\"width: 40px; vertical-align: text-top; border-top-width: 0px;\"><\/td>\n<td style=\"border-top-width: 0px;\">&#8222;Charley&#8217;s Tante&#8220;<br \/>\nTheater Chambinzky, W\u00fcrzburg<br \/>\nRegie: Gwendolyn von Ambesser<br \/>\nRolle: Charley<\/td>\n<\/tr>\n<tr>\n<td style=\"width: 40px; vertical-align: text-top; border-top-width: 0px;\">1999<\/td>\n<td style=\"border-top-width: 0px;\">&#8222;Feuerzangenbowle&#8220;<br \/>\nTheater Chambinzky, W\u00fcrzburg<br \/>\nRegie: Gwendolyn von Ambesser<br \/>\nRolle: Kleiner Luck<\/td>\n<\/tr>\n<tr>\n<td style=\"width: 40px; vertical-align: text-top; border-top-width: 0px;\"><\/td>\n<td style=\"border-top-width: 0px;\">&#8222;Minidramenroulett&#8220;<br \/>\nTheater Chambinzky, W\u00fcrzburg<br \/>\nRegie: Reinhard Simonischek<br \/>\nRolle: Diverse<\/td>\n<\/tr>\n<tr>\n<td style=\"width: 40px; vertical-align: text-top; border-top-width: 0px;\"><\/td>\n<td style=\"border-top-width: 0px;\">&#8222;Dschungelbuch&#8220;<br \/>\nFreilichtspiele Giebelstadt<br \/>\nRegie: Hannes Hirth<br \/>\nRolle: Kleiner Elefant u.a.<\/td>\n<\/tr>\n<tr>\n<td style=\"width: 40px; vertical-align: text-top; border-top-width: 0px;\"><\/td>\n<td style=\"border-top-width: 0px;\"><\/td>\n<\/tr>\n<tr>\n<td style=\"width: 40px; vertical-align: text-top; border-top-width: 0px;\"><\/td>\n<td style=\"border-top-width: 0px;\"><\/td>\n<\/tr>\n<tr>\n<td style=\"width: 40px; vertical-align: text-top; border-top-width: 0px;\"><\/td>\n<td style=\"border-top-width: 0px;\"><\/td>\n<\/tr>\n<tr>\n<td style=\"width: 40px; vertical-align: text-top; border-top-width: 0px;\"><\/td>\n<td style=\"border-top-width: 0px;\"><\/td>\n<\/tr>\n<tr>\n<td style=\"width: 40px; vertical-align: text-top; border-top-width: 0px;\"><\/td>\n<td style=\"border-top-width: 0px;\"><\/td>\n<\/tr>\n<\/tbody>\n<\/table>\n<\/div>\n","protected":false},"excerpt":{"rendered":"<p>2023 &#8222;Slapstick&#8220; Teamtheater M\u00fcnchen Regie: Jacoub Eisa Rolle: Kono &#8222;Ist das nicht mein Leben?&#8220; Stadttheater Weilheim Regie: Yvonne Brosch Rolle: Philipp Hill &#8222;Die Perle Anna&#8220; Stadttheater Weilheim Regie: Herbert M\u00fcller Rolle: Bernard 2022 &#8222;Der Raub der Sabinerinnen&#8220; Stadttheater Weilheim Regie: Yvonne Brosch Rolle: Professor Gollwitz &#8222;Ma\u00df f\u00fcr Ma\u00df&#8220; Theater Viel \u2026 <a href=\"http:\/\/www.timo-alexander-wenzel.de\/?page_id=81\"> Continue reading <span class=\"meta-nav\">&rarr; <\/span><\/a><\/p>\n","protected":false},"author":1,"featured_media":0,"parent":0,"menu_order":70,"comment_status":"closed","ping_status":"closed","template":"","meta":[],"_links":{"self":[{"href":"http:\/\/www.timo-alexander-wenzel.de\/index.php?rest_route=\/wp\/v2\/pages\/81"}],"collection":[{"href":"http:\/\/www.timo-alexander-wenzel.de\/index.php?rest_route=\/wp\/v2\/pages"}],"about":[{"href":"http:\/\/www.timo-alexander-wenzel.de\/index.php?rest_route=\/wp\/v2\/types\/page"}],"author":[{"embeddable":true,"href":"http:\/\/www.timo-alexander-wenzel.de\/index.php?rest_route=\/wp\/v2\/users\/1"}],"replies":[{"embeddable":true,"href":"http:\/\/www.timo-alexander-wenzel.de\/index.php?rest_route=%2Fwp%2Fv2%2Fcomments&post=81"}],"version-history":[{"count":59,"href":"http:\/\/www.timo-alexander-wenzel.de\/index.php?rest_route=\/wp\/v2\/pages\/81\/revisions"}],"predecessor-version":[{"id":750,"href":"http:\/\/www.timo-alexander-wenzel.de\/index.php?rest_route=\/wp\/v2\/pages\/81\/revisions\/750"}],"wp:attachment":[{"href":"http:\/\/www.timo-alexander-wenzel.de\/index.php?rest_route=%2Fwp%2Fv2%2Fmedia&parent=81"}],"curies":[{"name":"wp","href":"https:\/\/api.w.org\/{rel}","templated":true}]}}