{"id":9,"date":"2013-01-19T15:17:41","date_gmt":"2013-01-19T13:17:41","guid":{"rendered":"http:\/\/timo-alexander-wenzel.de\/wp\/?page_id=9"},"modified":"2017-07-30T15:48:11","modified_gmt":"2017-07-30T13:48:11","slug":"vita","status":"publish","type":"page","link":"http:\/\/www.timo-alexander-wenzel.de\/?page_id=9","title":{"rendered":"Vita"},"content":{"rendered":"<div>\n<p><a href=\"http:\/\/www.timo-alexander-wenzel.de\/wp\/wp-content\/uploads\/2013\/01\/Timo_Wenzel_BildNr0777_Photography_Emanuela_Danielewicz_14x21cm_mNamen_2.jpg\" target=\"_blank\" rel=\"noopener noreferrer\"><img loading=\"lazy\" class=\"alignleft wp-image-502 size-medium\" src=\"http:\/\/www.timo-alexander-wenzel.de\/wp\/wp-content\/uploads\/2013\/01\/Timo_Wenzel_BildNr0777_Photography_Emanuela_Danielewicz_14x21cm_mNamen_2-200x300.jpg\" alt=\"\" width=\"200\" height=\"300\" srcset=\"http:\/\/www.timo-alexander-wenzel.de\/wp\/wp-content\/uploads\/2013\/01\/Timo_Wenzel_BildNr0777_Photography_Emanuela_Danielewicz_14x21cm_mNamen_2-200x300.jpg 200w, http:\/\/www.timo-alexander-wenzel.de\/wp\/wp-content\/uploads\/2013\/01\/Timo_Wenzel_BildNr0777_Photography_Emanuela_Danielewicz_14x21cm_mNamen_2-768x1152.jpg 768w, http:\/\/www.timo-alexander-wenzel.de\/wp\/wp-content\/uploads\/2013\/01\/Timo_Wenzel_BildNr0777_Photography_Emanuela_Danielewicz_14x21cm_mNamen_2-683x1024.jpg 683w, http:\/\/www.timo-alexander-wenzel.de\/wp\/wp-content\/uploads\/2013\/01\/Timo_Wenzel_BildNr0777_Photography_Emanuela_Danielewicz_14x21cm_mNamen_2-100x150.jpg 100w, http:\/\/www.timo-alexander-wenzel.de\/wp\/wp-content\/uploads\/2013\/01\/Timo_Wenzel_BildNr0777_Photography_Emanuela_Danielewicz_14x21cm_mNamen_2.jpg 1654w\" sizes=\"(max-width: 200px) 100vw, 200px\" \/><\/a><\/p>\n<div style='float:left'>\n<table style=\"border: none;\">\n<tbody style=\"font-size: 0.872em; border: none;\">\n<tr>\n<td style=\"width: 60px; vertical-align: text-top; border-top-width: 0px;\">Jahrgang<br \/>\nGr\u00f6\u00dfe<br \/>\nGewicht<br \/>\nKonfektion<br \/>\nAugenfarbe<br \/>\nHaarfarbe<\/td>\n<td style=\"border-top-width: 0px;\">1976<br \/>\n179 cm<br \/>\n76 kg<br \/>\n50\/52<br \/>\nblau<br \/>\ndunkelblond<\/td>\n<\/tr>\n<tr>\n<td style=\"width: 60px; vertical-align: text-top; border-top-width: 0px;\">Fremdsprachen<br \/>\nSport<br \/>\nMusikinstrument<br \/>\nF\u00fchrerschein<\/td>\n<td style=\"border-top-width: 0px;\">Englisch, Grundkenntnisse Franz\u00f6sisch<br \/>\nSchwimmen, Fechten, Akrobatik<br \/>\nKlavier<br \/>\nKlasse 3<\/td>\n<\/tr>\n<tr>\n<td style=\"width: 60px; vertical-align: text-top; border-top-width: 0px;\">Wohnort<br \/>\nWohnm\u00f6glichkeiten<\/td>\n<td style=\"border-top-width: 0px;\">M\u00fcnchen<br \/>\nBerlin, K\u00f6ln, Hamburg, Stuttgart, Frankfurt, Freiburg, L\u00fcbeck<\/td>\n<\/tr>\n<\/tbody>\n<\/table>\n<table style=\"border: none;\">\n<tbody style=\"font-size: 0.872em; border: none;\">\n<tr>\n<td style=\"width: 60px; vertical-align: text-top; border-top-width: 0px;\"><\/td>\n<td style=\"border-top-width: 0px;\"><\/td>\n<\/tr>\n<tr>\n<td style=\"width: 60px; vertical-align: text-top; border-top-width: 0px;\"><\/td>\n<td style=\"border-top-width: 0px;\"><\/td>\n<\/tr>\n<tr>\n<td style=\"width: 60px; vertical-align: text-top; border-top-width: 0px;\"><\/td>\n<td style=\"border-top-width: 0px;\"><\/td>\n<\/tr>\n<\/tbody>\n<\/table>\n<\/div>\n<\/div>\n","protected":false},"excerpt":{"rendered":"<p>Jahrgang Gr\u00f6\u00dfe Gewicht Konfektion Augenfarbe Haarfarbe 1976 179 cm 76 kg 50\/52 blau dunkelblond Fremdsprachen Sport Musikinstrument F\u00fchrerschein Englisch, Grundkenntnisse Franz\u00f6sisch Schwimmen, Fechten, Akrobatik Klavier Klasse 3 Wohnort Wohnm\u00f6glichkeiten M\u00fcnchen Berlin, K\u00f6ln, Hamburg, Stuttgart, Frankfurt, Freiburg, L\u00fcbeck<\/p>\n","protected":false},"author":1,"featured_media":0,"parent":0,"menu_order":10,"comment_status":"closed","ping_status":"open","template":"","meta":[],"_links":{"self":[{"href":"http:\/\/www.timo-alexander-wenzel.de\/index.php?rest_route=\/wp\/v2\/pages\/9"}],"collection":[{"href":"http:\/\/www.timo-alexander-wenzel.de\/index.php?rest_route=\/wp\/v2\/pages"}],"about":[{"href":"http:\/\/www.timo-alexander-wenzel.de\/index.php?rest_route=\/wp\/v2\/types\/page"}],"author":[{"embeddable":true,"href":"http:\/\/www.timo-alexander-wenzel.de\/index.php?rest_route=\/wp\/v2\/users\/1"}],"replies":[{"embeddable":true,"href":"http:\/\/www.timo-alexander-wenzel.de\/index.php?rest_route=%2Fwp%2Fv2%2Fcomments&post=9"}],"version-history":[{"count":98,"href":"http:\/\/www.timo-alexander-wenzel.de\/index.php?rest_route=\/wp\/v2\/pages\/9\/revisions"}],"predecessor-version":[{"id":505,"href":"http:\/\/www.timo-alexander-wenzel.de\/index.php?rest_route=\/wp\/v2\/pages\/9\/revisions\/505"}],"wp:attachment":[{"href":"http:\/\/www.timo-alexander-wenzel.de\/index.php?rest_route=%2Fwp%2Fv2%2Fmedia&parent=9"}],"curies":[{"name":"wp","href":"https:\/\/api.w.org\/{rel}","templated":true}]}}